{"id":84,"date":"2018-07-28T10:18:08","date_gmt":"2018-07-28T10:18:08","guid":{"rendered":"http:\/\/www.arvo.es\/formacion\/?page_id=84"},"modified":"2018-07-28T10:18:08","modified_gmt":"2018-07-28T10:18:08","slug":"preguntas-frecuentes-gestion-de-derechos-en-repositorios-digitales","status":"publish","type":"page","link":"https:\/\/www.arvo.es\/formacion\/preguntas-frecuentes-gestion-de-derechos-en-repositorios-digitales\/","title":{"rendered":"Preguntas Frecuentes.- Gesti\u00f3n de Derechos en Repositorios Digitales"},"content":{"rendered":"<p><strong>\u00bfQu\u00e9 metodolog\u00eda formativa siguen? <\/strong>La acci\u00f3n formativa se realiza en la modalidad de teleformaci\u00f3n durante tres semanas con una carga lectiva estimada de 40 horas. Los participantes acceder\u00e1n a una plataforma Moodle en la que encontrar\u00e1n informaci\u00f3n detallada relativa a los contenidos, la metodolog\u00eda de aprendizaje, seguimiento y evaluaci\u00f3n. Asimismo, su aprendizaje ser\u00e1 tutorizado por consultores con experiencia acreditada en numerosos proyectos de DSpace. Se usar\u00e1n herramientas normales de las plataformas Moodle, tales como foros, correo electr\u00f3nico, calendario de eventos, \u00e1rea de informaci\u00f3n y evaluaciones objetivas del aprendizaje realizado.El curso tiene una clara orientaci\u00f3n <strong>colaborativa<\/strong> y exige una participaci\u00f3n <strong>activa<\/strong> de los alumnos.<\/p>\n<p>&nbsp;<\/p>\n<p><strong>\u00bfC\u00f3mo se realizan las pr\u00e1cticas? <\/strong>La parte pr\u00e1ctica del curso consistir\u00e1 en el desarrollo de casos pr\u00e1cticos y la realizaci\u00f3n de autoevaluaciones sobre las materias impartidas.<\/p>\n<p>&nbsp;<\/p>\n<p><strong>\u00bfA qui\u00e9n va destinado el curso? <\/strong>El curso se orienta principalmente a personal de bibliotecas, archivos y otros servicios de informaci\u00f3n implicados en las tareas de gesti\u00f3n de repositorios y en el manejo de informaci\u00f3n acad\u00e9mica o institucional. Asimismo, es interesante para investigadores, profesores y estudiantes que precisen conocer que derechos les asisten para publicar sus trabajos.<\/p>\n<p>&nbsp;<\/p>\n<p><strong>\u00bfEs un curso \u00abjur\u00eddico?\u00bfEs un curso \u00abt\u00e9cnico\u00bb o \u00abinform\u00e1tico\u00bb? <\/strong>En l\u00edneas generales, el curso est\u00e1 destinado a personas con perfil bibliotecario o similar. No s\u00e9 necesitan conocimientos jur\u00eddicos previos puesto que los fundamentales se aportan dentro del propio curso. Los aspectos m\u00e1s \u00abt\u00e9cnicos\u00bb o \u201cinform\u00e1ticos\u201d, tales como implementaci\u00f3n de repositorios, est\u00e1ndares o metadatos, no se tratan en este curso.<\/p>\n<p>&nbsp;<\/p>\n<p><strong>\u00bfSe necesita alg\u00fan equipamiento t\u00e9cnico espec\u00edfico?<\/strong> Para el presente curso es necesario disponer de equipamiento inform\u00e1tico accediendo a internet con herramientas ofim\u00e1ticas comunes (visor pdf,\u00a0 suite ofim\u00e1tica &#8230;)<\/p>\n<p>&nbsp;<\/p>\n<p><strong>\u00bfCu\u00e1l es el procedimiento para inscripci\u00f3n formal? <\/strong>El procedimiento es completar el formulario de inscripci\u00f3n y la recepci\u00f3n del pago antes del inicio del curso. En ese momento le enviar\u00edamos las credenciales de acceso a la plataforma Moodle.<\/p>\n<p>&nbsp;<\/p>\n<p><strong>\u00bfQu\u00e9 modos de pago hay?<\/strong> El pago del curso se puede realizar mediante transferencia bancaria o mediante paypal (este m\u00e9todo incluye las tarjetas bancarias m\u00e1s habituales)<\/p>\n<p>&nbsp;<\/p>\n<p><strong>\u00bfC\u00f3mo realizamos el pago a trav\u00e9s de transferencia bancaria?<\/strong> Si ese es el m\u00e9todo de pago elegido por Vds, le enviaremos nuestros indicativos bancarios para el procedimiento de transferencias y giros. Si tienen cualquier pregunta, no duden en consultarnos.<\/p>\n<p>&nbsp;<\/p>\n<p><strong>\u00bfC\u00f3mo realizamos el pago a trav\u00e9s de paypal o tarjeta bancaria?<\/strong> Si ese es el m\u00e9todo de pago elegido por Vds, ind\u00edquenoslo, pues le tenemos que enviar una pre-factura con los enlaces a la plataforma de telepago Paypal. Mediante esa pre-factura podr\u00e1 abonar el curso mediante cuenta pay-pal o tarjeta bancaria indistintamente (no es necesario que tenga cuenta en paypal).<\/p>\n<p>&nbsp;<\/p>\n<p><strong>Para efectos administrativos, necesitamos un soporte donde describa el pago del curso.<\/strong> Siempre emitimos factura como documento necesario para efectuar el pago o bien como justificante del pago realizado. Simplemente env\u00edenos un email con los datos de su instituci\u00f3n (datos identificativos, postales y fiscales) para que figuren en la factura, as\u00ed como el nombre del participante o participantes en el curso.<\/p>\n<p>&nbsp;<\/p>\n<p><strong>\u00bfSe emite un certificado a la finalizaci\u00f3n del curso?<\/strong>A la finalizaci\u00f3n del curso, para aqu\u00e9llos alumnos que hayan superado las evaluaciones del mismo, se emitir\u00e1 un certificado de aprovechamiento. La evaluaci\u00f3n del curso se lleva cabo a trav\u00e9s de las autoevaluaciones y los casos pr\u00e1cticos propuestos, debiendo ser realizados dentro de los plazos establecidos para cada uno de ellos.<\/p>\n","protected":false},"excerpt":{"rendered":"<p>\u00bfQu\u00e9 metodolog\u00eda formativa siguen? La acci\u00f3n formativa se realiza en la modalidad de teleformaci\u00f3n durante tres semanas con una carga lectiva estimada de 40 horas. Los participantes acceder\u00e1n a una plataforma Moodle en la que encontrar\u00e1n informaci\u00f3n detallada relativa a los contenidos, la metodolog\u00eda de aprendizaje, seguimiento y evaluaci\u00f3n. Asimismo, su aprendizaje ser\u00e1 tutorizado por &hellip; <a href=\"https:\/\/www.arvo.es\/formacion\/preguntas-frecuentes-gestion-de-derechos-en-repositorios-digitales\/\" class=\"more-link\">Continuar leyendo<span class=\"screen-reader-text\"> \u00abPreguntas Frecuentes.- Gesti\u00f3n de Derechos en Repositorios Digitales\u00bb<\/span><\/a><\/p>\n","protected":false},"author":2,"featured_media":0,"parent":0,"menu_order":0,"comment_status":"closed","ping_status":"closed","template":"","meta":{"footnotes":""},"class_list":["post-84","page","type-page","status-publish","hentry"],"aioseo_notices":[],"_links":{"self":[{"href":"https:\/\/www.arvo.es\/formacion\/wp-json\/wp\/v2\/pages\/84","targetHints":{"allow":["GET"]}}],"collection":[{"href":"https:\/\/www.arvo.es\/formacion\/wp-json\/wp\/v2\/pages"}],"about":[{"href":"https:\/\/www.arvo.es\/formacion\/wp-json\/wp\/v2\/types\/page"}],"author":[{"embeddable":true,"href":"https:\/\/www.arvo.es\/formacion\/wp-json\/wp\/v2\/users\/2"}],"replies":[{"embeddable":true,"href":"https:\/\/www.arvo.es\/formacion\/wp-json\/wp\/v2\/comments?post=84"}],"version-history":[{"count":1,"href":"https:\/\/www.arvo.es\/formacion\/wp-json\/wp\/v2\/pages\/84\/revisions"}],"predecessor-version":[{"id":85,"href":"https:\/\/www.arvo.es\/formacion\/wp-json\/wp\/v2\/pages\/84\/revisions\/85"}],"wp:attachment":[{"href":"https:\/\/www.arvo.es\/formacion\/wp-json\/wp\/v2\/media?parent=84"}],"curies":[{"name":"wp","href":"https:\/\/api.w.org\/{rel}","templated":true}]}}