{"id":77,"date":"2018-07-28T10:01:24","date_gmt":"2018-07-28T10:01:24","guid":{"rendered":"http:\/\/www.arvo.es\/formacion\/?page_id=77"},"modified":"2020-03-11T10:42:49","modified_gmt":"2020-03-11T10:42:49","slug":"programacion-y-horario-gestion-de-derechos-en-repositorios-digitales","status":"publish","type":"page","link":"https:\/\/www.arvo.es\/formacion\/programacion-y-horario-gestion-de-derechos-en-repositorios-digitales\/","title":{"rendered":"Programaci\u00f3n y Horario.- Gesti\u00f3n de Derechos en Repositorios Digitales"},"content":{"rendered":"<h3 style=\"font-weight: normal;\"><strong>Programaci\u00f3n del curso<\/strong><\/h3>\n<p style=\"font-weight: normal;\">La acci\u00f3n formativa se realizar\u00e1 en la modalidad de teleformaci\u00f3n con una carga lectiva estimada de 40 horas.\u00a0 Los participantes acceder\u00e1n a una plataforma Moodle en la que encontrar\u00e1n informaci\u00f3n detallada relativa a los contenidos del curso, la metodolog\u00eda de aprendizaje, el seguimiento de las tareas y la evaluaci\u00f3n.<\/p>\n<p>El curso se programar\u00e1 en pr\u00f3ximas fechas. Los m\u00f3dulos que conforman el curso se van activando seg\u00fan un programa que estar\u00e1 disponible en la plataforma Moodle para los alumnos participantes.<\/p>\n<p>El aprendizaje ser\u00e1 tutorizado por consultores con experiencia acreditada en el tema del curso.<\/p>\n<h3 style=\"font-weight: normal;\"><strong>Horario<\/strong><\/h3>\n<p>Las instrucciones de acceso a las plataformas de los cursos, as\u00ed como las credenciales de acceso, se enviar\u00e1n a los alumnos antes del comienzo de los cursos, normalmente un d\u00eda laborable antes de su comienzo.\u00a0 La apertura de la plataforma se efect\u00faa antes de las 9:00 (hora Espa\u00f1a) del d\u00eda marcado como comienzo.<\/p>\n<p>La plataforma Moodle usada para el aprendizaje y las pr\u00e1cticas estar\u00e1 abierta para la realizaci\u00f3n del curso las 24 horas del d\u00eda, los 7 d\u00edas de la semana.<\/p>\n<p>Los foros y tutor\u00edas Moodle, dinamizadas por los formadores y en las que se resolver\u00e1 cualquier cuesti\u00f3n relativa al curso, se realizar\u00e1n los d\u00edas laborales de 17:00 h a 20:00 h (UTC+2), por razones de compatibilidad de horarios con Iberoam\u00e9rica. Las dudas que se resuelvan en foros y tutor\u00edas van a estar permanentemente disponibles para los alumnos en la plataforma.<\/p>\n<p>El soporte telef\u00f3nico\/skype se realizar\u00e1, si fuese requerido por alg\u00fan alumno, los d\u00edas laborales de 9:00 h a 18:00 h (UTC+2).<\/p>\n<p>La diferencia horaria entre Iberoamerica y Espa\u00f1a oscila entre -5 y -7 horas, por lo que los horarios de soporte directo y telepresencial para Iberoam\u00e9rica ser\u00edan desde su primera hora hasta las 11-13 de la ma\u00f1ana hora local de Vds, dependiendo del pa\u00eds.<\/p>\n","protected":false},"excerpt":{"rendered":"<p>Programaci\u00f3n del curso La acci\u00f3n formativa se realizar\u00e1 en la modalidad de teleformaci\u00f3n con una carga lectiva estimada de 40 horas.\u00a0 Los participantes acceder\u00e1n a una plataforma Moodle en la que encontrar\u00e1n informaci\u00f3n detallada relativa a los contenidos del curso, la metodolog\u00eda de aprendizaje, el seguimiento de las tareas y la evaluaci\u00f3n. El curso se &hellip; <a href=\"https:\/\/www.arvo.es\/formacion\/programacion-y-horario-gestion-de-derechos-en-repositorios-digitales\/\" class=\"more-link\">Continuar leyendo<span class=\"screen-reader-text\"> \u00abProgramaci\u00f3n y Horario.- Gesti\u00f3n de Derechos en Repositorios Digitales\u00bb<\/span><\/a><\/p>\n","protected":false},"author":2,"featured_media":0,"parent":0,"menu_order":0,"comment_status":"closed","ping_status":"closed","template":"","meta":{"footnotes":""},"class_list":["post-77","page","type-page","status-publish","hentry"],"aioseo_notices":[],"_links":{"self":[{"href":"https:\/\/www.arvo.es\/formacion\/wp-json\/wp\/v2\/pages\/77","targetHints":{"allow":["GET"]}}],"collection":[{"href":"https:\/\/www.arvo.es\/formacion\/wp-json\/wp\/v2\/pages"}],"about":[{"href":"https:\/\/www.arvo.es\/formacion\/wp-json\/wp\/v2\/types\/page"}],"author":[{"embeddable":true,"href":"https:\/\/www.arvo.es\/formacion\/wp-json\/wp\/v2\/users\/2"}],"replies":[{"embeddable":true,"href":"https:\/\/www.arvo.es\/formacion\/wp-json\/wp\/v2\/comments?post=77"}],"version-history":[{"count":3,"href":"https:\/\/www.arvo.es\/formacion\/wp-json\/wp\/v2\/pages\/77\/revisions"}],"predecessor-version":[{"id":288,"href":"https:\/\/www.arvo.es\/formacion\/wp-json\/wp\/v2\/pages\/77\/revisions\/288"}],"wp:attachment":[{"href":"https:\/\/www.arvo.es\/formacion\/wp-json\/wp\/v2\/media?parent=77"}],"curies":[{"name":"wp","href":"https:\/\/api.w.org\/{rel}","templated":true}]}}