{"id":69,"date":"2018-07-28T09:56:45","date_gmt":"2018-07-28T09:56:45","guid":{"rendered":"http:\/\/www.arvo.es\/formacion\/?page_id=69"},"modified":"2024-08-30T05:29:09","modified_gmt":"2024-08-30T05:29:09","slug":"programacion-y-horario-cursos-dspace","status":"publish","type":"page","link":"https:\/\/www.arvo.es\/formacion\/programacion-y-horario-cursos-dspace\/","title":{"rendered":"Programaci\u00f3n y Horario cursos DSpace"},"content":{"rendered":"<h3><strong>Programaci\u00f3n de los cursos Dspace<br \/>\n<\/strong><\/h3>\n<p>Los cursos est\u00e1n programados para aperturarse\u00a0 y cerrarse en las fechas siguientes<\/p>\n<div class=\"page-header\">\n<ul>\n<li>Administraci\u00f3n DSpace v7,\u00a0 del 30 de septiembre al 31 de octubre de 2024<\/li>\n<li>Administraci\u00f3n T\u00e9cnica DSpace v7, del 1 de octubre al 8 de noviembre de 2024<\/li>\n<li>Administraci\u00f3n Avanzada DSpace v7, del 4 de noviembre al 5 de diciembre de 2024<\/li>\n<\/ul>\n<\/div>\n<h3><strong>Horarios<\/strong><\/h3>\n<p>Los temas que conforman cada curso se van activando seg\u00fan un programa que estar\u00e1 disponible en la plataforma Moodle para el alumnado.<\/p>\n<p style=\"font-weight: normal;\">Las instrucciones de acceso a las plataformas de los cursos, as\u00ed como las credenciales de acceso, se enviar\u00e1n al alumnado antes del comienzo de los cursos, normalmente un d\u00eda laborable antes de su comienzo.\u00a0 La apertura de la plataforma se efect\u00faa antes de las 9:00 (hora Espa\u00f1a) del d\u00eda marcado como comienzo.<\/p>\n<p style=\"font-weight: normal;\">Las plataformas Moodle y DSpace usadas para el aprendizaje y las pr\u00e1cticas estar\u00e1n abiertas para la realizaci\u00f3n del curso las 24 horas, 7 d\u00edas de la semana.<\/p>\n<p style=\"font-weight: normal;\">Los foros y tutor\u00edas Moodle se realizar\u00e1n, es decir se dinamizar\u00e1n, por el personal docente y contestar\u00e1n las cuestiones planteadas los d\u00edas laborales de 15:00 h a 18:00 h (UTC+1), por razones de compatibilidad de horarios con Iberoam\u00e9rica. Claramente, estar\u00e1n disponibles para el alumnado las 24 horas, los 7 d\u00edas de la semana.<\/p>\n<p style=\"font-weight: normal;\">El soporte telef\u00f3nico\/skype se realizar\u00e1, si fuese requerido por alguna persona, los d\u00edas laborales de 9:00 h a 18:00 h, (UTC+1)<\/p>\n<p>La diferencia horaria entre Iberoam\u00e9rica y Espa\u00f1a oscila entre -4\u00a0 y\u00a0 -7 horas, por lo que los horarios de soporte directo y telepresencial para Iberoam\u00e9rica ser\u00edan desde su primera hora hasta las 11-13 de la ma\u00f1ana hora local de Vds, dependiendo del pa\u00eds.<\/p>\n<p>Esta es la vig\u00e9sima edici\u00f3n internacional del curso (en las sucesivas versiones de DSpace)\u00a0 \u00a0y, a nuestro entender, la diferencia de horarios no ha resultado un obst\u00e1culo para ninguna de las personas participantes.<\/p>\n","protected":false},"excerpt":{"rendered":"<p>Programaci\u00f3n de los cursos Dspace Los cursos est\u00e1n programados para aperturarse\u00a0 y cerrarse en las fechas siguientes Administraci\u00f3n DSpace v7,\u00a0 del 30 de septiembre al 31 de octubre de 2024 Administraci\u00f3n T\u00e9cnica DSpace v7, del 1 de octubre al 8 de noviembre de 2024 Administraci\u00f3n Avanzada DSpace v7, del 4 de noviembre al 5 de &hellip; <a href=\"https:\/\/www.arvo.es\/formacion\/programacion-y-horario-cursos-dspace\/\" class=\"more-link\">Continuar leyendo<span class=\"screen-reader-text\"> \u00abProgramaci\u00f3n y Horario cursos DSpace\u00bb<\/span><\/a><\/p>\n","protected":false},"author":2,"featured_media":0,"parent":0,"menu_order":0,"comment_status":"closed","ping_status":"closed","template":"","meta":{"footnotes":""},"class_list":["post-69","page","type-page","status-publish","hentry"],"aioseo_notices":[],"_links":{"self":[{"href":"https:\/\/www.arvo.es\/formacion\/wp-json\/wp\/v2\/pages\/69","targetHints":{"allow":["GET"]}}],"collection":[{"href":"https:\/\/www.arvo.es\/formacion\/wp-json\/wp\/v2\/pages"}],"about":[{"href":"https:\/\/www.arvo.es\/formacion\/wp-json\/wp\/v2\/types\/page"}],"author":[{"embeddable":true,"href":"https:\/\/www.arvo.es\/formacion\/wp-json\/wp\/v2\/users\/2"}],"replies":[{"embeddable":true,"href":"https:\/\/www.arvo.es\/formacion\/wp-json\/wp\/v2\/comments?post=69"}],"version-history":[{"count":23,"href":"https:\/\/www.arvo.es\/formacion\/wp-json\/wp\/v2\/pages\/69\/revisions"}],"predecessor-version":[{"id":620,"href":"https:\/\/www.arvo.es\/formacion\/wp-json\/wp\/v2\/pages\/69\/revisions\/620"}],"wp:attachment":[{"href":"https:\/\/www.arvo.es\/formacion\/wp-json\/wp\/v2\/media?parent=69"}],"curies":[{"name":"wp","href":"https:\/\/api.w.org\/{rel}","templated":true}]}}