{"id":35,"date":"2018-05-03T10:38:53","date_gmt":"2018-05-03T10:38:53","guid":{"rendered":"http:\/\/www.arvo.es\/formacion\/?page_id=35"},"modified":"2018-07-29T07:21:51","modified_gmt":"2018-07-29T07:21:51","slug":"politica-de-cookies","status":"publish","type":"page","link":"https:\/\/www.arvo.es\/formacion\/aviso-legal\/politica-de-cookies\/","title":{"rendered":"Pol\u00edtica de Cookies"},"content":{"rendered":"<p>El presente sitio arvo.es\/formacion es titularidad de Arvo Consultores y Tecnolog\u00eda SLU. Esta web utilizan cookies propias y de terceros para mejorar la experiencia de usuario y recopilar datos de uso de las mismas, con el fin de poder ofrecer contenidos mas relevantes y de calidad. Con el uso de las webs y\/o la mera navegaci\u00f3n (con el navegador habilitado para aceptar cookies), el usuario acepta la instalaci\u00f3n de cookies, salvo que se oponga a ello, tal y como se informa en la presente Pol\u00edtica de Cookies.<\/p>\n<p>Los usuarios pueden acceder a esta informaci\u00f3n en todo momento a trav\u00e9s de los desplegables inferiores de las pantallas. Asimismo podr\u00e1n modificar sus preferencias sobre la aceptaci\u00f3n de cookies a trav\u00e9s de las opciones de su navegador.<\/p>\n<h3>\u00bfQu\u00e9 es una Cookie?<\/h3>\n<p>Una \u201cCookie\u201d es un peque\u00f1o archivo de texto que un sitio web almacena en el navegador del usuario. Las cookies facilitan el uso y la navegaci\u00f3n por una p\u00e1gina web y son esenciales para el funcionamiento de internet, aportando innumerables ventajas en la prestaci\u00f3n de servicios interactivos.<\/p>\n<p>Las cookies se utilizan, por ejemplo, para gestionar la sesi\u00f3n del usuario (reduciendo el n\u00famero de veces que tiene que incluir su contrase\u00f1a), mejorar los servicios ofrecidos, o para adecuar los contenidos de una p\u00e1gina web a sus preferencias.<\/p>\n<p>Las cookies pueden ser de \u201csesi\u00f3n\u201d, por lo que se borrar\u00e1n una vez el usuario abandone la p\u00e1gina web que las gener\u00f3 o \u201cpersistentes\u201d, que permanecen en su ordenador hasta una fecha determinada.<\/p>\n<p>Asimismo, las cookies pueden ser \u201cpropias\u201d, gestionadas por el dominio al que el usuario accede y del que solicita un determinado servicio o \u201ccookies de terceros\u201d, enviadas al equipo de usuario desde un dominio diferente al que se accede.<\/p>\n<h3>Cookies utilizadas<\/h3>\n<p>Las cookies utilizadas por todos los sitios gestionados bajo el dominio arvo.es, propiedad de Arvo Consultores y Tecnolog\u00eda SLU son las siguientes<\/p>\n<p>Cookie de sesi\u00f3n (JSESSIONID): Sirve para identificar inequ\u00edvocamente a cada usuario que accede a la aplicaci\u00f3n. Esta cookie es necesaria para usar el sitio web, por lo que si el usuario decide eliminar esta cookie de su dispositivo, el sitio web puede no funcionar correctamente.<br \/>\nCookies de pol\u00edtica (viewed cookie_policy y cookieaccept ): Sirven para saber si al usuario ya se le ha mostrado el texto de polticas de cookies de los sites arvo.es.<br \/>\nCookies de terceros: Cookies de Google Analytics. Estas cookies recaban datos estad\u00edsticos sobre el uso y navegaci\u00f3n del usuario por este Sitio Web y sus subdominios. M\u00e1s informaci\u00f3n: <a href=\"https:\/\/www.google.com\/analytics\/learn\/privacy.html?hl=es\">https:\/\/www.google.com\/analytics\/learn\/privacy.html?hl=es<\/a>. Arvo Consultores no recibe en ning\u00fan caso informaci\u00f3n personal. En el caso de los subdominios arvo.es. estas cookies pueden estar duplicadas.<br \/>\n_ga, _gat y _gid, con una duraci\u00f3n entre 24 horas y 2 a\u00f1os, excepto si el usuario la borra de su navegador, se trata de cookies usadas para distinguir los usuarios de un sitio web,y recabar datos sobre el uso y navegaci\u00f3n del usuario por este sitio web y sus subdominios. Google no asocia su direcci\u00f3n IP con ninguna otra informaci\u00f3n<br \/>\n_utmt, _utma, _utmz, _utmb, con diversas duraciones, recaban datos sobre el uso y navegaci\u00f3n del usuario por este sitio web y sus subdominios. Google no asocia su direcci\u00f3n IP con ninguna otra informaci\u00f3n.<\/p>\n<h3>Desahibilitar el uso de Cookies<\/h3>\n<p>Si el usuario as\u00ed lo desea, es posible dejar de aceptar las Cookies del navegador, o dejar de aceptar las Cookies de un servicio en particular.<\/p>\n<p>Todos los navegadores modernos permiten cambiar la configuraci\u00f3n de Cookies. Estos ajustes normalmente se encuentran en las \u00abOpciones\u00bb o \u00abPreferencias\u00bb del men\u00fa del navegador.<\/p>\n<p>El usuario podr\u00e1 en cualquier momento deshabilitar el uso de Cookies en este sitio web mediante:<\/p>\n<p>La configuraci\u00f3n del navegador, por ejemplo:<br \/>\n<strong>Google Chrome<\/strong>: <a href=\"http:\/\/support.google.com\/chrome\/answer\/95647\">http:\/\/support.google.com\/chrome\/answer\/95647<\/a><br \/>\n<strong>Internet Explorer<\/strong>: <a href=\"http:\/\/windows.microsoft.com\/es-es\/windows7\/how-to-manage-cookies-in-internet-explorer-9\">http:\/\/windows.microsoft.com\/es-es\/windows7\/how-to-manage-cookies-in-internet-explorer-9<\/a><br \/>\n<strong>Mozilla Firefox<\/strong>: <a href=\"http:\/\/support.mozilla.org\/es\/kb\/habilitar-y-deshabilitar-cookies-que-los-sitios-we\">http:\/\/support.mozilla.org\/es\/kb\/habilitar-y-deshabilitar-cookies-que-los-sitios-we<\/a><br \/>\n<strong>Apple Safari<\/strong>: <a href=\"http:\/\/support.apple.com\/kb\/ph5042\">http:\/\/support.apple.com\/kb\/ph5042<\/a><br \/>\nOtras <strong>herramientas de terceros<\/strong>, disponibles on-line, que permiten a los usuarios detectar las Cookies en cada sitio web que visita y gestionar su desactivaci\u00f3n (por ejemplo, Ghostery: <a href=\"http:\/\/www.ghostery.com\/privacy-statement\">http:\/\/www.ghostery.com\/privacy-statement<\/a> )<\/p>\n","protected":false},"excerpt":{"rendered":"<p>El presente sitio arvo.es\/formacion es titularidad de Arvo Consultores y Tecnolog\u00eda SLU. Esta web utilizan cookies propias y de terceros para mejorar la experiencia de usuario y recopilar datos de uso de las mismas, con el fin de poder ofrecer contenidos mas relevantes y de calidad. Con el uso de las webs y\/o la mera &hellip; <a href=\"https:\/\/www.arvo.es\/formacion\/aviso-legal\/politica-de-cookies\/\" class=\"more-link\">Continuar leyendo<span class=\"screen-reader-text\"> \u00abPol\u00edtica de Cookies\u00bb<\/span><\/a><\/p>\n","protected":false},"author":1,"featured_media":0,"parent":29,"menu_order":2,"comment_status":"closed","ping_status":"closed","template":"","meta":{"footnotes":""},"class_list":["post-35","page","type-page","status-publish","hentry"],"aioseo_notices":[],"_links":{"self":[{"href":"https:\/\/www.arvo.es\/formacion\/wp-json\/wp\/v2\/pages\/35","targetHints":{"allow":["GET"]}}],"collection":[{"href":"https:\/\/www.arvo.es\/formacion\/wp-json\/wp\/v2\/pages"}],"about":[{"href":"https:\/\/www.arvo.es\/formacion\/wp-json\/wp\/v2\/types\/page"}],"author":[{"embeddable":true,"href":"https:\/\/www.arvo.es\/formacion\/wp-json\/wp\/v2\/users\/1"}],"replies":[{"embeddable":true,"href":"https:\/\/www.arvo.es\/formacion\/wp-json\/wp\/v2\/comments?post=35"}],"version-history":[{"count":9,"href":"https:\/\/www.arvo.es\/formacion\/wp-json\/wp\/v2\/pages\/35\/revisions"}],"predecessor-version":[{"id":120,"href":"https:\/\/www.arvo.es\/formacion\/wp-json\/wp\/v2\/pages\/35\/revisions\/120"}],"up":[{"embeddable":true,"href":"https:\/\/www.arvo.es\/formacion\/wp-json\/wp\/v2\/pages\/29"}],"wp:attachment":[{"href":"https:\/\/www.arvo.es\/formacion\/wp-json\/wp\/v2\/media?parent=35"}],"curies":[{"name":"wp","href":"https:\/\/api.w.org\/{rel}","templated":true}]}}