{"id":2163,"date":"2023-08-22T07:52:02","date_gmt":"2023-08-22T06:52:02","guid":{"rendered":"https:\/\/www.arvo.es\/dspace\/?page_id=2163"},"modified":"2023-08-22T12:54:02","modified_gmt":"2023-08-22T11:54:02","slug":"clientes","status":"publish","type":"page","link":"https:\/\/www.arvo.es\/dspace\/clientes\/","title":{"rendered":"Clientes"},"content":{"rendered":"\n<h2 class=\"wp-block-heading\">Universidades<\/h2>\n\n\n\n<p>Universidad Aut\u00f3noma de Madrid<br>Universidad Rey Juan Carlos<br>Universidad Carlos III de Madrid<br>Universidad Complutense de Madrid<br>Universidad de Alcal\u00e1<br>Universidad Europea de Madrid<br>Universidad Francisco de Vitoria<br>Universidad Villanueva<br>Universidad a Distancia de Madrid<br>Universidad Camilo Jos\u00e9 Cela<br>Universidade da Coru\u00f1a<br>Universidade de Santiago de Compostela<br>Universidade de Vigo<br>Universidad de Cantabria<br>Universidad de Oviedo<br>Universidad de Extremadura<br>Universidad de La Laguna<br>Universidad San Jorge<br>Universitat de Barcelona<br>Universidad Polit\u00e9cnica de Cartagena<br>Universidad Cat\u00f3lica de Murcia<br>Universitat de Val\u00e8ncia<br>Universidad Cat\u00f3lica de Valencia<br>Universidad de Ja\u00e9n<br>Universidad Pablo de Olavide<br>Universidad de Almer\u00eda<br>Universidad de Granada<br>Universidad de Huelva<br>Universidad de M\u00e1laga<br>Universidad de C\u00e1diz<br>Universidad Internacional de Andaluc\u00eda<br>Universidad Loyola Andaluc\u00eda<br>Universidad de Salamanca<br>Universidad de Burgos<br>Universidad de Valladolid<br>Universidad de Le\u00f3n<\/p>\n\n\n\n<p><br><\/p>\n\n\n\n<h2 class=\"wp-block-heading\">Organismos y Centros de Investigaci\u00f3n y Ciencia<\/h2>\n\n\n\n<p>Agencia Estatal de Meteorolog\u00eda<br>Basque Center for Applied Mathematics<br>Consejo Superior de Investigaciones Cient\u00edficas<br>Fundaci\u00f3n Espa\u00f1ola para la Ciencia y la Tecnolog\u00eda<br>Fundaci\u00f3n Tecnalia Research &amp; Innovation<br>IMDEA Nanociencia<br>IMDEA Networks Institute<br>Instituto Espa\u00f1ol de Oceanograf\u00eda<br>Instituto Geol\u00f3gico y Minero de Espa\u00f1a<br>Instituto Nacional de Investigaci\u00f3n y Tecnolog\u00eda Agraria y Alimentaria de Espa\u00f1a<br>Instituto Valenciano de Investigaciones Agrarias<\/p>\n\n\n\n<p><\/p>\n\n\n\n<h2 class=\"wp-block-heading\">Sanidad<\/h2>\n\n\n\n<p>Instituto de Salud Carlos III<br>Conseller\u00eda de Sanidade e o Servizo Galego de Sa\u00fade<br>Fundaci\u00f3n Instituto de Investigaci\u00f3n Sanitaria Islas Baleares<br>Escoles Universit\u00e0ries Gimbernat<br>Fundaci\u00f3n P\u00fablica Andaluza Progreso y Salud<br>Consejer\u00eda de Sanidad de la Comunidad de Madrid<\/p>\n\n\n\n<p><\/p>\n\n\n\n<h2 class=\"wp-block-heading\">Latinoam\u00e9rica<\/h2>\n\n\n\n<p>Universidad Tecnol\u00f3gica Metropolitana (Chile)<br>Universidad del Desarrollo (Chile)<br>Universidad Finis Terrae (Chile)<br>Corporaci\u00f3n Aut\u00f3noma Regional de Cundinamarca (Colombia)<br>Instituto Colombiano de Derecho Tributario (Colombia)<br>Universidad Aut\u00f3noma de Occidente (Colombia)<br>Universidad de la Sabana (Colombia)<br>Universidad de los Andes (Colombia)<br>Universidad del Norte (Colombia)<br>Universidad del Rosario (Colombia)<br>Universidad Pontificia Bolivariana (Colombia)<br>Universidad Tecnol\u00f3gica de Pereira (Colombia)<br>Centro Internacional de Mejora del Ma\u00edz y el Trigo (M\u00e9xico)<br>Corporaci\u00f3n Universitaria para el Desarrollo de Internet (M\u00e9xico)<br>Pontificia Universidad Cat\u00f3lica Madre y Maestra (Rep\u00fablica Dominicana)<br>Consejo Nacional de Ciencia y Tecnolog\u00eda de Paraguay.<br>Banesco (Venezuela)<br>Universidad Metropolitana (Venezuela)<\/p>\n\n\n\n<p><\/p>\n\n\n\n<h2 class=\"wp-block-heading\">Otros<\/h2>\n\n\n\n<p>\u00c0rea Metropolitana de Barcelona<br>Bizkaiko Foru Liburutegia \/ Biblioteca Foral de Bizkaia<br>Consejer\u00eda de Cultura Junta de Andaluc\u00eda<br>Consejo General de Arquitectura T\u00e9cnica de Espa\u00f1a<br>Centre Universitari de Disseny i Art de Barcelona, EINA<br>European University Institute (Italia)<br>Hispana Esperanta Federacio \/ Fundaci\u00f3n Espa\u00f1ola de Esperanto<br>Ministerio de Educaci\u00f3n, Cultura y Deporte<br>Red de Bibliotecas Universitarias Espa\u00f1olas<br>Sociedad Espa\u00f1ola de Entomolog\u00eda Aplicada<\/p>\n","protected":false},"excerpt":{"rendered":"<p>Universidades Universidad Aut\u00f3noma de MadridUniversidad Rey Juan CarlosUniversidad Carlos III de MadridUniversidad Complutense de MadridUniversidad de Alcal\u00e1Universidad Europea de MadridUniversidad Francisco de VitoriaUniversidad VillanuevaUniversidad a Distancia de MadridUniversidad Camilo Jos\u00e9 CelaUniversidade da Coru\u00f1aUniversidade de Santiago de CompostelaUniversidade de VigoUniversidad de &hellip;<\/p>\n<p class=\"read-more\"><a href=\"https:\/\/www.arvo.es\/dspace\/clientes\/\">Leer m\u00e1s &raquo;<\/a><\/p>\n","protected":false},"author":9,"featured_media":0,"parent":0,"menu_order":0,"comment_status":"closed","ping_status":"closed","template":"","meta":{"footnotes":""},"class_list":["post-2163","page","type-page","status-publish","hentry"],"aioseo_notices":[],"_links":{"self":[{"href":"https:\/\/www.arvo.es\/dspace\/wp-json\/wp\/v2\/pages\/2163","targetHints":{"allow":["GET"]}}],"collection":[{"href":"https:\/\/www.arvo.es\/dspace\/wp-json\/wp\/v2\/pages"}],"about":[{"href":"https:\/\/www.arvo.es\/dspace\/wp-json\/wp\/v2\/types\/page"}],"author":[{"embeddable":true,"href":"https:\/\/www.arvo.es\/dspace\/wp-json\/wp\/v2\/users\/9"}],"replies":[{"embeddable":true,"href":"https:\/\/www.arvo.es\/dspace\/wp-json\/wp\/v2\/comments?post=2163"}],"version-history":[{"count":9,"href":"https:\/\/www.arvo.es\/dspace\/wp-json\/wp\/v2\/pages\/2163\/revisions"}],"predecessor-version":[{"id":2181,"href":"https:\/\/www.arvo.es\/dspace\/wp-json\/wp\/v2\/pages\/2163\/revisions\/2181"}],"wp:attachment":[{"href":"https:\/\/www.arvo.es\/dspace\/wp-json\/wp\/v2\/media?parent=2163"}],"curies":[{"name":"wp","href":"https:\/\/api.w.org\/{rel}","templated":true}]}}