{"id":2135,"date":"2023-08-21T17:28:25","date_gmt":"2023-08-21T16:28:25","guid":{"rendered":"https:\/\/www.arvo.es\/dspace\/?page_id=2135"},"modified":"2023-08-22T17:20:33","modified_gmt":"2023-08-22T16:20:33","slug":"formacion-en-dspace","status":"publish","type":"page","link":"https:\/\/www.arvo.es\/dspace\/formacion-en-dspace\/","title":{"rendered":"Formaci\u00f3n en Dspace"},"content":{"rendered":"\n<p>Mantenemos un calendario de cursos adaptado a las necesidades de los profesionales de la informaci\u00f3n, documentalistas, personal de bibliotecas o personal t\u00e9cnico de instituciones usuarias de DSpace que deban realizar tareas de gesti\u00f3n de repositorios.<\/p>\n\n\n\n<p>Los cursos se dise\u00f1an para la versi\u00f3n vigente en cada momento, aunque en los mismos se incide en las diferencias  con las versiones anteriores de DSpace.<\/p>\n\n\n\n<p>En la web espec\u00edfica  <a href=\"http:\/\/arvo.es\/formacion\" target=\"_blank\" rel=\"noopener nofollow\" title=\"\">arvo.es\/formacion<\/a>  dispon\u00e9is de toda la informaci\u00f3n relativa a los cursos. <\/p>\n","protected":false},"excerpt":{"rendered":"<p>Mantenemos un calendario de cursos adaptado a las necesidades de los profesionales de la informaci\u00f3n, documentalistas, personal de bibliotecas o personal t\u00e9cnico de instituciones usuarias de DSpace que deban realizar tareas de gesti\u00f3n de repositorios. Los cursos se dise\u00f1an para &hellip;<\/p>\n<p class=\"read-more\"><a href=\"https:\/\/www.arvo.es\/dspace\/formacion-en-dspace\/\">Leer m\u00e1s &raquo;<\/a><\/p>\n","protected":false},"author":9,"featured_media":0,"parent":0,"menu_order":0,"comment_status":"closed","ping_status":"closed","template":"","meta":{"footnotes":""},"class_list":["post-2135","page","type-page","status-publish","hentry"],"aioseo_notices":[],"_links":{"self":[{"href":"https:\/\/www.arvo.es\/dspace\/wp-json\/wp\/v2\/pages\/2135","targetHints":{"allow":["GET"]}}],"collection":[{"href":"https:\/\/www.arvo.es\/dspace\/wp-json\/wp\/v2\/pages"}],"about":[{"href":"https:\/\/www.arvo.es\/dspace\/wp-json\/wp\/v2\/types\/page"}],"author":[{"embeddable":true,"href":"https:\/\/www.arvo.es\/dspace\/wp-json\/wp\/v2\/users\/9"}],"replies":[{"embeddable":true,"href":"https:\/\/www.arvo.es\/dspace\/wp-json\/wp\/v2\/comments?post=2135"}],"version-history":[{"count":3,"href":"https:\/\/www.arvo.es\/dspace\/wp-json\/wp\/v2\/pages\/2135\/revisions"}],"predecessor-version":[{"id":2183,"href":"https:\/\/www.arvo.es\/dspace\/wp-json\/wp\/v2\/pages\/2135\/revisions\/2183"}],"wp:attachment":[{"href":"https:\/\/www.arvo.es\/dspace\/wp-json\/wp\/v2\/media?parent=2135"}],"curies":[{"name":"wp","href":"https:\/\/api.w.org\/{rel}","templated":true}]}}