{"id":20,"date":"2011-03-09T11:47:52","date_gmt":"2011-03-09T10:47:52","guid":{"rendered":"http:\/\/www.arvo.es\/dspace\/?page_id=20"},"modified":"2018-05-25T16:44:48","modified_gmt":"2018-05-25T15:44:48","slug":"about-2","status":"publish","type":"page","link":"https:\/\/www.arvo.es\/dspace\/about-2\/","title":{"rendered":"Sobre el blog"},"content":{"rendered":"<p>Bienvenidos al blog de <strong>DSpace <\/strong>que escribimos en Arvo Consultores y Tecnolog\u00eda, emresa DSpace Registered Service Provider, es decir Proveedores registrados de soluciones Dspace<\/p>\n<p><a href=\"http:\/\/www.arvo.es\/dspace\/wp-content\/uploads\/2011\/03\/dspace_final.png\"><img loading=\"lazy\" decoding=\"async\" class=\"aligncenter size-full wp-image-1697\" src=\"http:\/\/www.arvo.es\/dspace\/wp-content\/uploads\/2011\/03\/dspace_final.png\" alt=\"\" width=\"191\" height=\"178\" \/><\/a><\/p>\n<p>Este blog pretende explicar Dspace, intentando resolver algunas de las cuestiones con las que estamos trabajando. En el mismo vamos a poder encontrar documentaci\u00f3n referente a DSpace, eventos que consideramos de especial inter\u00e9s para los dspaceros y tambi\u00e9n instrucciones o consejos sobre la instalaci\u00f3n o configuraci\u00f3n del propio software o de alguna herramienta o tecnolog\u00eda relacionada.<\/p>\n<p>Por ello, mediante la publicaci\u00f3n de posts, pretendemos ayudar en lo posible a los usuarios de la comunidad y otros interesados en la materia a acercarse al mundo de DSpace. Tambi\u00e9n proponemos que comente\u00eds activamente y cr\u00edticamente nuestros posts o nos haga\u00eds llegar vuestras dudas o sugerencias a trav\u00e9s del blog o nuestro correo.<\/p>\n<p>Si quere\u00eds conocer mas sobre nuestro trabajo no dejen de visitar nuestra web:<\/p>\n<p><a title=\"Web de arvo consultores y tecnolog\u00eda\" href=\"http:\/\/www.arvo.es\" target=\"_blank\" rel=\"noopener\">http:\/\/www.arvo.es<\/a><\/p>\n<p>y s\u00edguenos en twitter: <a title=\"@arvoconsultores\" href=\"\/\/Twitter.com\/ArvoConsultores\">@arvoconsultores<\/a><\/p>\n<p>&nbsp;<\/p>\n","protected":false},"excerpt":{"rendered":"<p>Bienvenidos al blog de DSpace que escribimos en Arvo Consultores y Tecnolog\u00eda, emresa DSpace Registered Service Provider, es decir Proveedores registrados de soluciones Dspace Este blog pretende explicar Dspace, intentando resolver algunas de las cuestiones con las que estamos trabajando. &hellip;<\/p>\n<p class=\"read-more\"><a href=\"https:\/\/www.arvo.es\/dspace\/about-2\/\">Leer m\u00e1s &raquo;<\/a><\/p>\n","protected":false},"author":6,"featured_media":0,"parent":0,"menu_order":0,"comment_status":"closed","ping_status":"closed","template":"","meta":{"footnotes":""},"class_list":["post-20","page","type-page","status-publish","hentry"],"aioseo_notices":[],"_links":{"self":[{"href":"https:\/\/www.arvo.es\/dspace\/wp-json\/wp\/v2\/pages\/20","targetHints":{"allow":["GET"]}}],"collection":[{"href":"https:\/\/www.arvo.es\/dspace\/wp-json\/wp\/v2\/pages"}],"about":[{"href":"https:\/\/www.arvo.es\/dspace\/wp-json\/wp\/v2\/types\/page"}],"author":[{"embeddable":true,"href":"https:\/\/www.arvo.es\/dspace\/wp-json\/wp\/v2\/users\/6"}],"replies":[{"embeddable":true,"href":"https:\/\/www.arvo.es\/dspace\/wp-json\/wp\/v2\/comments?post=20"}],"version-history":[{"count":16,"href":"https:\/\/www.arvo.es\/dspace\/wp-json\/wp\/v2\/pages\/20\/revisions"}],"predecessor-version":[{"id":186,"href":"https:\/\/www.arvo.es\/dspace\/wp-json\/wp\/v2\/pages\/20\/revisions\/186"}],"wp:attachment":[{"href":"https:\/\/www.arvo.es\/dspace\/wp-json\/wp\/v2\/media?parent=20"}],"curies":[{"name":"wp","href":"https:\/\/api.w.org\/{rel}","templated":true}]}}