{"id":1790,"date":"2018-05-25T16:49:36","date_gmt":"2018-05-25T15:49:36","guid":{"rendered":"http:\/\/www.arvo.es\/dspace\/?page_id=1790"},"modified":"2018-05-25T17:44:57","modified_gmt":"2018-05-25T16:44:57","slug":"politica-de-privacidad","status":"publish","type":"page","link":"https:\/\/www.arvo.es\/dspace\/about-2\/politica-de-privacidad\/","title":{"rendered":"Pol\u00edtica de Privacidad"},"content":{"rendered":"<div>\n<div class=\"gdl-page-float-left\">\n<div class=\"gdl-page-item\">\n<div class=\"sixteen columns mb20\">\n<div class=\"gdl-page-content\">\n<p>RESPONSABLE<\/p>\n<p><em>Identidad<\/em>:\u00a0\u00a0\u00a0 Arvo Consultores y Tecnolog\u00eda S.L.U. CIF: B-74195033<\/p>\n<p><em>Dir. postal<\/em>:\u00a0\u00a0\u00a0 Pol\u00edgono Industrial de Olloniego, Parcela B51, 33660 Oviedo-Asturias<\/p>\n<p><em>Tel\u00e9fono<\/em>:\u00a0\u00a0\u00a0\u00a0\u00a0 98484 43 15<\/p>\n<p><em>Correo elect<\/em>:\u00a0 arvosite\u00a0\u00a0 @\u00a0 arvo.es<\/p>\n<p>&nbsp;<\/p>\n<p>FINALIDAD<\/p>\n<p>Arvo Consultores y Tecnolog\u00eda S.L.U. solicita como \u00fanico dato identificativo solicitado\u00a0 un nombre y direcci\u00f3n de correo v\u00e1lida, necesaria para las notificaciones necesarias, y que ser\u00e1 usado exclusivamente para contactar con Vd. si el motivo de la consulta as\u00ed lo requiriese.\u00a0 Los datos personales que nos facilita ser\u00e1n usados con los fines de gestionar el env\u00edo de informaci\u00f3n que usted nos solicita,\u00a0 prospecciones comerciales posteriores e informaci\u00f3n relativa a los servicios que nuestra empresa proporciona. Sus datos personales no ser\u00e1n nunca transferidos a ninguna otra organizaci\u00f3n.\u00a0 Los datos personales proporcionados se conservar\u00e1n mientras el interesado desee y siempre que no exista obligaci\u00f3n legal de conservaci\u00f3n de los mismos.<\/p>\n<p>LEGITIMACI\u00d3N<\/p>\n<p>La base legal para el tratamiento de sus datos est\u00e1 basada en el consentimiento concedido por el\u00a0 interesado .<\/p>\n<p>DESTINATARIOS<\/p>\n<p>Arvo Consultores y Tecnolog\u00eda S.L.U. , contrata su infraestructura virtual seg\u00fan un modelo de \u201calojamiento web\u00bb\u00a0 a trav\u00e9s de Hospedaje y Dominios. Informaci\u00f3n disponible en: https:\/\/www.hospedajeydominios.com\/quienes_somos.php<\/p>\n<p>DERECHOS<\/p>\n<p>Cualquier persona tiene derecho a obtener confirmaci\u00f3n sobre si Arvo Consultores y Tecnolog\u00eda S.L.U.\u00a0 est\u00e1 tratando datos personales que les conciernan.<\/p>\n<p>Las personas interesadas tienen derecho a acceder a sus datos personales, as\u00ed como a solicitar la rectificaci\u00f3n de los datos inexactos o, en su caso, solicitar su supresi\u00f3n cuando, entre otros motivos, los datos ya no sean necesarios para los fines que fueron recogidos.<\/p>\n<p>En determinadas circunstancias, los interesados podr\u00e1n solicitar la limitaci\u00f3n del tratamiento de sus datos, en cuyo caso \u00fanicamente los conservaremos para el ejercicio o la defensa de reclamaciones.<\/p>\n<p>En determinadas circunstancias y por motivos relacionados con su situaci\u00f3n particular, los interesados podr\u00e1n oponerse al tratamiento de sus datos. Arvo Consultores y Tecnolog\u00eda S.L.U. dejar\u00e1 de tratar los datos, salvo por motivos leg\u00edtimos imperiosos, o el ejercicio o la defensa de posibles reclamaciones.<\/p>\n<p>Las personas interesadas podr\u00e1n ejercitar los derechos de acceso, cancelaci\u00f3n, rectificaci\u00f3n y oposici\u00f3n, a trav\u00e9s de la direcci\u00f3n de correo electr\u00f3nico:\u00a0 arvosite\u00a0\u00a0 @\u00a0 arvo.es o bien dirigi\u00e9ndose a: Arvo Consultores y Tecnolog\u00eda S.L.U. Pol\u00edgono Industrial de Olloniego, Parcela B51, 33660 Oviedo-Asturias, indicando la referencia Protecci\u00f3n de Datos.<\/p>\n<p>La solicitud deber\u00e1 contener nombre, apellidos del interesado, fotocopia del DNI, petici\u00f3n en que se concreta la solicitud, domicilio a efectos de notificaciones, fecha y firma del solicitante y documentos acreditativos de la petici\u00f3n que formula. Asimismo siempre llevar\u00e1 acreditaci\u00f3n de identidad. Si la solicitud no re\u00fane los requisitos especificados se requerir\u00e1 su subsanaci\u00f3n.<\/p>\n<p>As\u00ed mismo, podr\u00e1 presentar una reclamaci\u00f3n ante la Agencia Espa\u00f1ola de Protecci\u00f3n de Datos en el supuesto de que no haya obtenido satisfacci\u00f3n en el ejercicio de sus derechos. Pueden cntactar con la Agencia en la direcci\u00f3n <a href=\"http:\/\/www.aepd.es\/\">www.aepd.es<\/a><\/p>\n<p>Los derechos que como usuario le asisten son:<\/p>\n<ul>\n<li>Derecho a solicitar el acceso a los datos personales relativos a usted,<\/li>\n<li>Derecho a solicitar su rectificaci\u00f3n o supresi\u00f3n,<\/li>\n<li>Derecho a solicitar la limitaci\u00f3n de su tratamiento,<\/li>\n<li>Derecho a oponerse al tratamiento,<\/li>\n<li>Derecho a la portabilidad de los datos.<\/li>\n<\/ul>\n<\/div>\n<\/div>\n<\/div>\n<\/div>\n<p>POLITICA DE COOKIES<\/p>\n<p>Puede informarse sobre nuestra pol\u00edtica de cookies en <a title=\"Pol\u00f1itica de cookies\" href=\"http:\/\/www.arvo.es\/dspace\/about-2\/politica-de-cookies\/\">esta p\u00e1gina<\/a><\/p>\n<\/div>\n","protected":false},"excerpt":{"rendered":"<p>RESPONSABLE Identidad:\u00a0\u00a0\u00a0 Arvo Consultores y Tecnolog\u00eda S.L.U. CIF: B-74195033 Dir. postal:\u00a0\u00a0\u00a0 Pol\u00edgono Industrial de Olloniego, Parcela B51, 33660 Oviedo-Asturias Tel\u00e9fono:\u00a0\u00a0\u00a0\u00a0\u00a0 98484 43 15 Correo elect:\u00a0 arvosite\u00a0\u00a0 @\u00a0 arvo.es &nbsp; FINALIDAD Arvo Consultores y Tecnolog\u00eda S.L.U. solicita como \u00fanico dato identificativo &hellip;<\/p>\n<p class=\"read-more\"><a href=\"https:\/\/www.arvo.es\/dspace\/about-2\/politica-de-privacidad\/\">Leer m\u00e1s &raquo;<\/a><\/p>\n","protected":false},"author":1,"featured_media":0,"parent":20,"menu_order":1,"comment_status":"closed","ping_status":"closed","template":"","meta":{"footnotes":""},"class_list":["post-1790","page","type-page","status-publish","hentry"],"aioseo_notices":[],"_links":{"self":[{"href":"https:\/\/www.arvo.es\/dspace\/wp-json\/wp\/v2\/pages\/1790","targetHints":{"allow":["GET"]}}],"collection":[{"href":"https:\/\/www.arvo.es\/dspace\/wp-json\/wp\/v2\/pages"}],"about":[{"href":"https:\/\/www.arvo.es\/dspace\/wp-json\/wp\/v2\/types\/page"}],"author":[{"embeddable":true,"href":"https:\/\/www.arvo.es\/dspace\/wp-json\/wp\/v2\/users\/1"}],"replies":[{"embeddable":true,"href":"https:\/\/www.arvo.es\/dspace\/wp-json\/wp\/v2\/comments?post=1790"}],"version-history":[{"count":3,"href":"https:\/\/www.arvo.es\/dspace\/wp-json\/wp\/v2\/pages\/1790\/revisions"}],"predecessor-version":[{"id":1800,"href":"https:\/\/www.arvo.es\/dspace\/wp-json\/wp\/v2\/pages\/1790\/revisions\/1800"}],"up":[{"embeddable":true,"href":"https:\/\/www.arvo.es\/dspace\/wp-json\/wp\/v2\/pages\/20"}],"wp:attachment":[{"href":"https:\/\/www.arvo.es\/dspace\/wp-json\/wp\/v2\/media?parent=1790"}],"curies":[{"name":"wp","href":"https:\/\/api.w.org\/{rel}","templated":true}]}}