{"id":1786,"date":"2018-05-25T16:46:07","date_gmt":"2018-05-25T15:46:07","guid":{"rendered":"http:\/\/www.arvo.es\/dspace\/?page_id=1786"},"modified":"2018-05-25T17:40:29","modified_gmt":"2018-05-25T16:40:29","slug":"aviso-legal","status":"publish","type":"page","link":"https:\/\/www.arvo.es\/dspace\/about-2\/aviso-legal\/","title":{"rendered":"Aviso Legal"},"content":{"rendered":"<p>Este sitio web es propiedad de Arvo Consultores y Tecnolog\u00eda S.L.U., con CIF\u00a0 B-74195033, sociedad inscrita en el Registro Mercantil de Asturias, Tomo 3573, Libro 0, Folio 124, Hoja AS-36055, Inscripci\u00f3n Primera.<\/p>\n<p>El acceso y uso que usted haga de este sitio web est\u00e1 sujeto a los siguientes t\u00e9rminos y condiciones de uso y a todas las leyes aplicables al respecto. Accediendo y usando este sitio web, usted acepta los siguientes t\u00e9rminos y condiciones de uso, sin limitaci\u00f3n ni cuantificaci\u00f3n.<\/p>\n<p>A menos que se declare expresamente, el material inclu\u00eddo en www.arvo.es est\u00e1 bajo <a href=\"http:\/\/creativecommons.org\/licenses\/by-nc-sa\/3.0\/\">licencia de Creative Commons<\/a>. En l\u00ednea con esta licencia, el contenido de la web www.arvo.es puede usarse sujeto a las siguientes condiciones:<\/p>\n<ul>\n<li>Atribuci\u00f3n. Usted debe atribuir la obra en la forma especificada por el autor o el licenciante.<\/li>\n<li>No Comercial. Usted no puede usar esta obra con fines comerciales.<\/li>\n<li>Compartir Obras Derivadas Igual. Si usted altera, transforma, o crea sobre esta obra, s\u00f3lo podr\u00e1 distribuir la obra derivada resultante bajo una licencia id\u00e9ntica a \u00e9sta.<\/li>\n<\/ul>\n<p>Ante cualquier reutilizaci\u00f3n o distribuci\u00f3n, usted debe dejar claro a los otros los t\u00e9rminos de la licencia de esta obra. Cualquiera de estas condiciones puede dispensarse si usted obtiene permiso del titular de los derechos de autor. Nada en esta licencia menoscaba o restringe los derechos morales del autor.<\/p>\n<p>Con respecto a los signos distintivos incluidos en el sitio web (marcas y nombres comerciales), los mismos son propiedad de Arvo Consultores y Tecnolog\u00eda S.L.U. o de sus respectivos propietarios.<\/p>\n<p>La informaci\u00f3n proporcionada en este sitio web es gratuita y solamente con car\u00e1cter informativo, no estableciendo ning\u00fan compromiso o relaci\u00f3n contractual empresarial o profesional entre usted y Arvo Consultores y Tecnolog\u00eda S.L.U. Dado el car\u00e1cter meramente informativo del sitio web, Arvo Consultores y Tecnolog\u00eda S.L.U. no ser\u00e1 responsable por ning\u00fan da\u00f1o indirecto, consecuencial o incidental, incluyendo, pero no limitado, a p\u00e9rdida de ganancias o beneficios, interrupci\u00f3n de negocios, p\u00e9rdida de datos que surjan de o en conexi\u00f3n con el uso, imposibilidad de uso o dependencia de cualquier material contenido en este sitio web o sus enlaces.\u00a0 Algunos enlaces de este sitio web pueden conducirle a servicios o sitios web ajenos a Arvo Consultores y Tecnolog\u00eda S.L.U.<\/p>\n<p>Arvo Consultores y Tecnolog\u00eda S.L.U. \u00a0no posee responsabilidad alguna respecto a los contenidos, servicios, garant\u00edas, disponibilidad o informaci\u00f3n propietaria de los sitios enlazados en nuestro sitio www.arvo.es,\u00a0no haci\u00e9ndonos responsables de la incorrecci\u00f3n, inexactitud, falta de correcci\u00f3n de los contenidos adquiridos de otros proveedores de informaci\u00f3n, as\u00ed como\u00a0de cualquier da\u00f1o directo o indirecto por parte del usuario, al hacer uso de los mismos.<\/p>\n<p>Un link a otro sitio web o servicio no es una inclusi\u00f3n de ese sitio web o servicio en el sitio web de Arvo Consultores y Tecnolog\u00eda S.L.U. Cualquier uso que haga de la informaci\u00f3n disponible en este sitio web, o en cualquier sitio web o servicio enlazado desde este sitio web es bajo su propia responsabilidad.<\/p>\n<p>Al acceder a este sitio web usted acepta y toma la responsabilidad de adoptar las leyes vigentes en la jurisdicci\u00f3n de Espa\u00f1a y las del lugar desde donde usted accede a este sitio web, aceptando la prohibici\u00f3n de usar la informaci\u00f3n contenida en este web para violar ley alguna de dichas jurisdicciones. Cualquier informaci\u00f3n que nos haga llegar a trav\u00e9s de este sitio web debe tener car\u00e1cter no confidencial y no estar bajo ning\u00fan tipo de propiedad.<\/p>\n<p>Arvo Consultores y Tecnolog\u00eda S.L.U. \u00a0no se hace responsable de la incorrecci\u00f3n, inexactitud, falta de correcci\u00f3n de los contenidos adquiridos de otros proveedores de informaci\u00f3n, as\u00ed como no se hace responsable de cualquier da\u00f1o directo o indirecto por parte del usuario, al hacer uso de los mismos, ni de los atentados contra la propiedad intelectual o derecho de patentes incurrida por otros sitios Web a los que establezca enlaces.<\/p>\n<p>Arvo Consultores y Tecnolog\u00eda S.L.U. \u00a0se reserva el derecho de actualizar, cambiar y eliminar los contenidos mostrados es sus p\u00e1ginas, en cualquier momento y sin previo aviso, no garantizando la actualidad ni la exactitud de la informaci\u00f3n mostrada en sus p\u00e1ginas.<\/p>\n<p>Arvo Consultores y Tecnolog\u00eda S.L.U. \u00a0tiene su sede legal en Oviedo, Espa\u00f1a. Al aceptar las presentes condiciones acepta que cualquier acci\u00f3n legal o procedimiento contra este sitio web se someter\u00e1 exclusivamente a las leyes vigentes en Espa\u00f1a y a los tribunales y juzgados de la ciudad de Oviedo, Espa\u00f1a, independientemente del lugar del mundo donde se encuentre usted o del lugar del mundo desde donde haya visitado o consultado este sitio web.<\/p>\n<p>Para cualquier duda o consulta al respecto p\u00f3ngase en contacto con nosotros\u00a0 en<a href=\"http:\/\/www.arvo.es\/contactanos-2\"> http:\/\/www.arvo.es\/contactanos-2<\/a><\/p>\n","protected":false},"excerpt":{"rendered":"<p>Este sitio web es propiedad de Arvo Consultores y Tecnolog\u00eda S.L.U., con CIF\u00a0 B-74195033, sociedad inscrita en el Registro Mercantil de Asturias, Tomo 3573, Libro 0, Folio 124, Hoja AS-36055, Inscripci\u00f3n Primera. El acceso y uso que usted haga de &hellip;<\/p>\n<p class=\"read-more\"><a href=\"https:\/\/www.arvo.es\/dspace\/about-2\/aviso-legal\/\">Leer m\u00e1s &raquo;<\/a><\/p>\n","protected":false},"author":1,"featured_media":0,"parent":20,"menu_order":0,"comment_status":"closed","ping_status":"closed","template":"","meta":{"footnotes":""},"class_list":["post-1786","page","type-page","status-publish","hentry"],"aioseo_notices":[],"_links":{"self":[{"href":"https:\/\/www.arvo.es\/dspace\/wp-json\/wp\/v2\/pages\/1786","targetHints":{"allow":["GET"]}}],"collection":[{"href":"https:\/\/www.arvo.es\/dspace\/wp-json\/wp\/v2\/pages"}],"about":[{"href":"https:\/\/www.arvo.es\/dspace\/wp-json\/wp\/v2\/types\/page"}],"author":[{"embeddable":true,"href":"https:\/\/www.arvo.es\/dspace\/wp-json\/wp\/v2\/users\/1"}],"replies":[{"embeddable":true,"href":"https:\/\/www.arvo.es\/dspace\/wp-json\/wp\/v2\/comments?post=1786"}],"version-history":[{"count":4,"href":"https:\/\/www.arvo.es\/dspace\/wp-json\/wp\/v2\/pages\/1786\/revisions"}],"predecessor-version":[{"id":1798,"href":"https:\/\/www.arvo.es\/dspace\/wp-json\/wp\/v2\/pages\/1786\/revisions\/1798"}],"up":[{"embeddable":true,"href":"https:\/\/www.arvo.es\/dspace\/wp-json\/wp\/v2\/pages\/20"}],"wp:attachment":[{"href":"https:\/\/www.arvo.es\/dspace\/wp-json\/wp\/v2\/media?parent=1786"}],"curies":[{"name":"wp","href":"https:\/\/api.w.org\/{rel}","templated":true}]}}